{"id":12350,"date":"2016-01-29T13:32:00","date_gmt":"2016-01-29T13:32:00","guid":{"rendered":"http:\/\/electroimplicate.es\/?page_id=12350"},"modified":"2016-11-10T11:45:38","modified_gmt":"2016-11-10T11:45:38","slug":"centros-educativos","status":"publish","type":"page","link":"https:\/\/www.fael.es\/electroimplicate\/centros-educativos\/","title":{"rendered":"Centros educativos"},"content":{"rendered":"<p style=\"text-align: justify;\"><strong>CENTROS EDUCATIVOS<\/strong><\/p>\n<p style=\"text-align: justify;\">Desde la Federaci\u00f3n Andaluza de Electrodom\u00e9sticos, FAEL, tenemos un especial inter\u00e9s en extender la campa\u00f1a \u00abLa Naturaleza no necesita que le echemos ning\u00fan cable\u00bb a los Centros de Educaci\u00f3n de Andaluc\u00eda, al objeto de dar a conocer la citada Campa\u00f1a y el sorteo de\u00a060 cheques por valor de 50 euros, con la posibilidad de ganar hasta 150 euros entre la comunidad educativa.<\/p>\n<p style=\"text-align: justify;\">Dado el car\u00e1cter pedag\u00f3gico y educacional en materia de medioambiente que tiene la Campa\u00f1a, el objetivo perseguido por FAEL de implicar a los Centros Educativos en esta iniciativa es solicitarles su <strong>colaboraci\u00f3n al objeto de hacer una mayor difusi\u00f3n<\/strong> y llegar a un mayor n\u00famero de ciudadanos (alumnos\/as, padres\/madres y familiares de los alumnos\/as).<\/p>\n<p style=\"text-align: justify;\">Entre los centros que colaboren con la Campa\u00f1a, desde FAEL <strong>se gratificar\u00e1 a aquellos tres que m\u00e1s participaciones en el sorteo de los cheques-regalo hayan promovido<\/strong>. As\u00ed, podr\u00e1n recibir una dotaci\u00f3n econ\u00f3mica de 500 euros, que podr\u00e1n ser destinados a finalidades de inter\u00e9s general del propio centro.<\/p>\n<p style=\"text-align: justify;\">Para optar a dicha gratificaci\u00f3n es necesario que las personas que se inscriban en el sorteo y vengan promovidas por alg\u00fan centro, indiquen en el formulario de inscripci\u00f3n, en el apartado \u00abEntidad colaboradora\u00bb el nombre del centro en cuesti\u00f3n.<\/p>\n<p style=\"text-align: justify;\">Los Centros Educativos andaluces de formaci\u00f3n reglada podr\u00e1n adherirse a la Campa\u00f1a rellenando el formulario \u00abad hoc\u00bb disponible en la p\u00e1gina web de FAEL \u00abwww.fael.es\u00bb y enviarlo a la direcci\u00f3n de correo electr\u00f3nico \u00abfael@fael.es\u00bb o bien contactando con FAEL directamente en el tel\u00e9fono 954313186.<\/p>\n<p style=\"text-align: justify;\"><a href=\"https:\/\/www.fael.es\/electroimplicate\/wp-content\/uploads\/2016\/11\/SOLICITUD-DE-ADHESION-A-CAMPA\u00d1A-Entidad-colaboradora.docx\">DESC\u00c1RGATE AQU\u00cd EL FORMULARIO DE ADHESI\u00d3N<\/a><\/p>\n<p style=\"text-align: justify;\"><strong><br \/>\nCENTROS EDUCATIVOS ADHERIDOS<\/strong><\/p>\n<p style=\"text-align: justify;\">\n<table id=\"tablepress-44\" class=\"tablepress tablepress-id-44\">\n<thead>\n<tr class=\"row-1 odd\">\n\t<th class=\"column-1\">Centro<\/th><th class=\"column-2\">Municipio<\/th><th class=\"column-3\">Provincia<\/th><th class=\"column-4\">Sitio web<\/th>\n<\/tr>\n<\/thead>\n<tbody class=\"row-hover\">\n<tr class=\"row-2 even\">\n\t<td class=\"column-1\">CEIP Borbolla<\/td><td class=\"column-2\">Sevilla<\/td><td class=\"column-3\">Sevilla<\/td><td class=\"column-4\"><a href=\"http:\/\/ampaborbolla.blogspot.com.es\/\">[Ir]<\/a><\/td>\n<\/tr>\n<tr class=\"row-3 odd\">\n\t<td class=\"column-1\">CEIP Monteolivo<\/td><td class=\"column-2\">Castilleja de Guzm\u00e1n<\/td><td class=\"column-3\">Sevilla<\/td><td class=\"column-4\"><a href=\"http:\/\/www.juntadeandalucia.es\/averroes\/centros-tic\/41008301\/helvia\/sitio\/\">[Ir]<\/a><\/td>\n<\/tr>\n<tr class=\"row-4 even\">\n\t<td class=\"column-1\">IES Arroyo de la Miel<\/td><td class=\"column-2\">Benalm\u00e1dena<\/td><td class=\"column-3\">M\u00e1laga<\/td><td class=\"column-4\"><a href=\"http:\/\/www.iesarroyodelamiel.es\/\">[Ir]<\/a><\/td>\n<\/tr>\n<tr class=\"row-5 odd\">\n\t<td class=\"column-1\">IES Lauretum<\/td><td class=\"column-2\">Espartinas<\/td><td class=\"column-3\">Sevilla<\/td><td class=\"column-4\"><a href=\"http:\/\/www.juntadeandalucia.es\/averroes\/centros-tic\/41008398\/helvia\/sitio\/index.cgi\">[Ir]<\/a><\/td>\n<\/tr>\n<tr class=\"row-6 even\">\n\t<td class=\"column-1\">Colegio Filipense<\/td><td class=\"column-2\">Baeza<\/td><td class=\"column-3\">Ja\u00e9n<\/td><td class=\"column-4\"><a href=\"http:\/\/www.filipensesbaeza.es\/\">[Ir]<\/a><\/td>\n<\/tr>\n<tr class=\"row-7 odd\">\n\t<td class=\"column-1\">CEIP Argantonio<\/td><td class=\"column-2\">Castilleja de Guzm\u00e1n<\/td><td class=\"column-3\">Sevilla<\/td><td class=\"column-4\"><a href=\"http:\/\/ceipargantonio.es\/\">[Ir]<\/a><\/td>\n<\/tr>\n<tr class=\"row-8 even\">\n\t<td class=\"column-1\">IES Torre de los Guzmanes<\/td><td class=\"column-2\">La Algaba<\/td><td class=\"column-3\">Sevilla<\/td><td class=\"column-4\"><a href=\"http:\/\/www.iestorredelosguzmanes.es\/\">[Ir]<\/a><\/td>\n<\/tr>\n<tr class=\"row-9 odd\">\n\t<td class=\"column-1\">IES Am\u00e9rico Castro<\/td><td class=\"column-2\">Hu\u00e9tor-T\u00e1jar<\/td><td class=\"column-3\">Granada<\/td><td class=\"column-4\"><a href=\"http:\/\/www.iesamericocastro.com\/\">[Ir]<\/a><\/td>\n<\/tr>\n<tr class=\"row-10 even\">\n\t<td class=\"column-1\">CEIP Fernando de los R\u00edos<\/td><td class=\"column-2\">Atarfe<\/td><td class=\"column-3\">Granada<\/td><td class=\"column-4\"><a href=\"http:\/\/fernandodelosriosceipatarfe.blogspot.com.es\/\">[Ir]<\/a><\/td>\n<\/tr>\n<tr class=\"row-11 odd\">\n\t<td class=\"column-1\">EI Francisco Lucilo de Carvajal<\/td><td class=\"column-2\">Albolote<\/td><td class=\"column-3\">Granada<\/td><td class=\"column-4\"><a href=\"http:\/\/blogsaverroes.juntadeandalucia.es\/lucilocarvajal\/\">[Ir]<\/a><\/td>\n<\/tr>\n<tr class=\"row-12 even\">\n\t<td class=\"column-1\">CEIP Nelson Mandela<\/td><td class=\"column-2\">La Carlota<\/td><td class=\"column-3\">C\u00f3rdoba<\/td><td class=\"column-4\"><a href=\"http:\/\/www.educateca.com\/centros\/ceip-la-carlota.asp\">[Ir]<\/a><\/td>\n<\/tr>\n<tr class=\"row-13 odd\">\n\t<td class=\"column-1\">IES San Jos\u00e9 de la Rinconada<\/td><td class=\"column-2\">San Jos\u00e9 de la Rinconada<\/td><td class=\"column-3\">Sevilla<\/td><td class=\"column-4\"><a href=\"http:\/\/www.juntadeandalucia.es\/averroes\/centros-tic\/41003765\/helvia\/sitio\/\">[Ir]<\/a><\/td>\n<\/tr>\n<tr class=\"row-14 even\">\n\t<td class=\"column-1\">IES Saltes<\/td><td class=\"column-2\">Punta Umbr\u00eda<\/td><td class=\"column-3\">Huelva<\/td><td class=\"column-4\"><a href=\"http:\/\/www.iessaltes.es\/\">[Ir]<\/a><\/td>\n<\/tr>\n<tr class=\"row-15 odd\">\n\t<td class=\"column-1\">EEI Gloria Fuertes<\/td><td class=\"column-2\">Olvera<\/td><td class=\"column-3\">C\u00e1diz<\/td><td class=\"column-4\"><a href=\"http:\/\/colegiogloriafuertesolvera.blogspot.com.es\/\">[Ir]<\/a><\/td>\n<\/tr>\n<tr class=\"row-16 even\">\n\t<td class=\"column-1\">CEIP Nuestra Se\u00f1ora de la Luz<\/td><td class=\"column-2\">Tarifa<\/td><td class=\"column-3\">C\u00e1diz<\/td><td class=\"column-4\"><a href=\"http:\/\/www.educateca.com\/centros\/ceip-ntra-sra-luz.asp\">[Ir]<\/a><\/td>\n<\/tr>\n<tr class=\"row-17 odd\">\n\t<td class=\"column-1\">IES San Jer\u00f3nimo<\/td><td class=\"column-2\">Sevilla<\/td><td class=\"column-3\">Sevilla<\/td><td class=\"column-4\"><a href=\"http:\/\/www.juntadeandalucia.es\/averroes\/centros-tic\/41010757\/helvia\/sitio\/\">[Ir]<\/a><\/td>\n<\/tr>\n<tr class=\"row-18 even\">\n\t<td class=\"column-1\">IES Las Encinas<\/td><td class=\"column-2\">Valencina de la Concepci\u00f3n<\/td><td class=\"column-3\">Sevilla<\/td><td class=\"column-4\"><a href=\"http:\/\/ieslasencinas.org\/\">[Ir]<\/a><\/td>\n<\/tr>\n<tr class=\"row-19 odd\">\n\t<td class=\"column-1\">IES Inca Garcilaso<\/td><td class=\"column-2\">Montilla<\/td><td class=\"column-3\">C\u00f3rdoba<\/td><td class=\"column-4\"><a href=\"http:\/\/www.iesincagarcilaso.com\/\">[Ir]<\/a><\/td>\n<\/tr>\n<tr class=\"row-20 even\">\n\t<td class=\"column-1\">Escuela Oficial de Idiomas de Ja\u00e9n<\/td><td class=\"column-2\">Ja\u00e9n<\/td><td class=\"column-3\">Ja\u00e9n<\/td><td class=\"column-4\"><a href=\"http:\/\/eoixauen.es\/\">[Ir]<\/a><\/td>\n<\/tr>\n<tr class=\"row-21 odd\">\n\t<td class=\"column-1\">IES Alhama<\/td><td class=\"column-2\">Alhama de Granada<\/td><td class=\"column-3\">Granada<\/td><td class=\"column-4\"><a href=\"http:\/\/www.juntadeandalucia.es\/averroes\/centros-tic\/18700451\/helvia\/sitio\/\">[Ir]<\/a><\/td>\n<\/tr>\n<tr class=\"row-22 even\">\n\t<td class=\"column-1\">IES Licinio de la Fuente<\/td><td class=\"column-2\">Co\u00edn<\/td><td class=\"column-3\">M\u00e1laga<\/td><td class=\"column-4\"><a href=\"http:\/\/www.iesliciniodelafuente.es\/\">[Ir]<\/a><\/td>\n<\/tr>\n<tr class=\"row-23 odd\">\n\t<td class=\"column-1\">Colegio San Francisco de As\u00eds<\/td><td class=\"column-2\">C\u00e1diz<\/td><td class=\"column-3\">C\u00e1diz<\/td><td class=\"column-4\"><a href=\"http:\/\/www.colegiosfranciscanasrm.es\/cadiz\/\">[Ir]<\/a><\/td>\n<\/tr>\n<tr class=\"row-24 even\">\n\t<td class=\"column-1\">IES J\u00e1ndula<\/td><td class=\"column-2\">And\u00fajar<\/td><td class=\"column-3\">Ja\u00e9n<\/td><td class=\"column-4\"><a href=\"http:\/\/www.iesjandula.es\/drupal\/\">[Ir]<\/a><\/td>\n<\/tr>\n<tr class=\"row-25 odd\">\n\t<td class=\"column-1\">CEIP Antonio Checa Mart\u00ednez<\/td><td class=\"column-2\">Torre del Mar<\/td><td class=\"column-3\">M\u00e1laga<\/td><td class=\"column-4\"><a href=\"http:\/\/todoeduca.com\/centros\/malaga\/torredelmar\/antoniochecamartinez.html\">[Ir]<\/a><\/td>\n<\/tr>\n<tr class=\"row-26 even\">\n\t<td class=\"column-1\">IES San Juan<\/td><td class=\"column-2\">San Juan de Aznalfarache<\/td><td class=\"column-3\">Sevilla<\/td><td class=\"column-4\"><a href=\"http:\/\/iessanjuan.es\/\">[Ir]<\/a><\/td>\n<\/tr>\n<tr class=\"row-27 odd\">\n\t<td class=\"column-1\">CES Ram\u00f3n y Cajal<\/td><td class=\"column-2\">Granada<\/td><td class=\"column-3\">Granada<\/td><td class=\"column-4\"><a href=\"http:\/\/www.cesramonycajal.com\/\">[Ir]<\/a><\/td>\n<\/tr>\n<tr class=\"row-28 even\">\n\t<td class=\"column-1\">IES Fuentepi\u00f1a<\/td><td class=\"column-2\">Huelva<\/td><td class=\"column-3\">Huelva<\/td><td class=\"column-4\"><a href=\"http:\/\/www.juntadeandalucia.es\/averroes\/centros-tic\/21003712\/helvia\/sitio\/\">[Ir]<\/a><\/td>\n<\/tr>\n<tr class=\"row-29 odd\">\n\t<td class=\"column-1\">IES Fuente Nueva<\/td><td class=\"column-2\">El Ejido<\/td><td class=\"column-3\">Almer\u00eda<\/td><td class=\"column-4\"><a href=\"http:\/\/www.iesfuentenueva.com\/\">[Ir]<\/a><\/td>\n<\/tr>\n<tr class=\"row-30 even\">\n\t<td class=\"column-1\">IES Rafael Alberti<\/td><td class=\"column-2\">C\u00e1diz<\/td><td class=\"column-3\">C\u00e1diz<\/td><td class=\"column-4\"><a href=\"http:\/\/iesrafaelalberti.es\/\">[Ir]<\/a><\/td>\n<\/tr>\n<tr class=\"row-31 odd\">\n\t<td class=\"column-1\">IES Mediterr\u00e1neo<\/td><td class=\"column-2\">Garrucha<\/td><td class=\"column-3\">Almer\u00eda<\/td><td class=\"column-4\"><a href=\"http:\/\/iesmediterraneogarrucha.com\/\">[Ir]<\/a><\/td>\n<\/tr>\n<tr class=\"row-32 even\">\n\t<td class=\"column-1\">IES Juan Goytisolo<\/td><td class=\"column-2\">Carboneras<\/td><td class=\"column-3\">Almer\u00eda<\/td><td class=\"column-4\"><a href=\"http:\/\/portal.iesjuangoytisolo.es\/\">[Ir]<\/a><\/td>\n<\/tr>\n<tr class=\"row-33 odd\">\n\t<td class=\"column-1\">IES Mar\u00eda Zambrano<\/td><td class=\"column-2\">Torre del Mar<\/td><td class=\"column-3\">M\u00e1laga<\/td><td class=\"column-4\"><a href=\"http:\/\/www.iesmariazambrano.org\/\">[Ir]<\/a><\/td>\n<\/tr>\n<tr class=\"row-34 even\">\n\t<td class=\"column-1\">CEE Virgen de la Esperanza<\/td><td class=\"column-2\">C\u00f3rdoba<\/td><td class=\"column-3\">C\u00f3rdoba<\/td><td class=\"column-4\"><a href=\"https:\/\/sites.google.com\/site\/ceeevirgendelaesperanza\/noticias\">[Ir]<\/a><\/td>\n<\/tr>\n<tr class=\"row-35 odd\">\n\t<td class=\"column-1\">IES Fuengirola N\u00ba1<\/td><td class=\"column-2\">Fuengirola<\/td><td class=\"column-3\">M\u00e1laga<\/td><td class=\"column-4\"><a href=\"https:\/\/www.iesfuengirola1.net\/\">[Ir]<\/a><\/td>\n<\/tr>\n<tr class=\"row-36 even\">\n\t<td class=\"column-1\">Escuela Oficial de Idiomas de C\u00f3rdoba<\/td><td class=\"column-2\">C\u00f3rdoba<\/td><td class=\"column-3\">C\u00f3rdoba<\/td><td class=\"column-4\"><a href=\"http:\/\/www.eoicordoba.es\/\">[Ir]<\/a><\/td>\n<\/tr>\n<tr class=\"row-37 odd\">\n\t<td class=\"column-1\">CEIP Alfredo Molina Mart\u00edn<\/td><td class=\"column-2\">Almer\u00eda<\/td><td class=\"column-3\">Almer\u00eda<\/td><td class=\"column-4\"><a href=\"http:\/\/colegioalfredomolinamartin.blogspot.com.es\/\">[Ir]<\/a><\/td>\n<\/tr>\n<tr class=\"row-38 even\">\n\t<td class=\"column-1\">CEIP Celia Vi\u00f1as<\/td><td class=\"column-2\">Berja<\/td><td class=\"column-3\">Almer\u00eda<\/td><td class=\"column-4\"><a href=\"http:\/\/www.educateca.com\/centros\/ceip-celia-vinas-b.asp\">[Ir]<\/a><\/td>\n<\/tr>\n<tr class=\"row-39 odd\">\n\t<td class=\"column-1\">CPR El Olivo<\/td><td class=\"column-2\">Alcal\u00e1 la Real<\/td><td class=\"column-3\">Ja\u00e9n<\/td><td class=\"column-4\"><a href=\"http:\/\/www.juntadeandalucia.es\/averroes\/centros-tic\/23601230c\/helvia\/sitio\/\">[Ir]<\/a><\/td>\n<\/tr>\n<tr class=\"row-40 even\">\n\t<td class=\"column-1\">CEPER Arcilaxis<\/td><td class=\"column-2\">Aracena<\/td><td class=\"column-3\">Huelva<\/td><td class=\"column-4\"><a href=\"http:\/\/www.educateca.com\/centros\/ceper-arcilaxis.asp\">[Ir]<\/a><\/td>\n<\/tr>\n<tr class=\"row-41 odd\">\n\t<td class=\"column-1\">CEIP Alf\u00e9rez Segura<\/td><td class=\"column-2\">Huesa<\/td><td class=\"column-3\">Granada<\/td><td class=\"column-4\"><a href=\"http:\/\/colegioalferezsegurahuesa.weebly.com\/\">[Ir]<\/a><\/td>\n<\/tr>\n<tr class=\"row-42 even\">\n\t<td class=\"column-1\">CEIP Nuestra Se\u00f1ora de la Salud<\/td><td class=\"column-2\">L\u00e1ujar de Andarax<\/td><td class=\"column-3\">Almer\u00eda<\/td><td class=\"column-4\"><a href=\"http:\/\/www.educateca.com\/centros\/ceip-ns-salud.asp\">[Ir]<\/a><\/td>\n<\/tr>\n<tr class=\"row-43 odd\">\n\t<td class=\"column-1\">IES San Blas<\/td><td class=\"column-2\">Aracena<\/td><td class=\"column-3\">Huelva<\/td><td class=\"column-4\"><a href=\"http:\/\/www.juntadeandalucia.es\/averroes\/centros-tic\/21700381\/helvia\/sitio\/\">[Ir]<\/a><\/td>\n<\/tr>\n<tr class=\"row-44 even\">\n\t<td class=\"column-1\">IES \u00c1lvarez Cubero<\/td><td class=\"column-2\">Priego de C\u00f3rdoba<\/td><td class=\"column-3\">C\u00f3rdoba<\/td><td class=\"column-4\"><a href=\"http:\/\/iesalvarezcubero.blogspot.com.es\/\">[Ir]<\/a><\/td>\n<\/tr>\n<tr class=\"row-45 odd\">\n\t<td class=\"column-1\">IES Jabalcuz<\/td><td class=\"column-2\">Ja\u00e9n<\/td><td class=\"column-3\">Ja\u00e9n<\/td><td class=\"column-4\"><a href=\"http:\/\/www.iesjabalcuz.es\/web\/\">[Ir]<\/a><\/td>\n<\/tr>\n<tr class=\"row-46 even\">\n\t<td class=\"column-1\">SEP Casachayda<\/td><td class=\"column-2\">Quesada<\/td><td class=\"column-3\">Ja\u00e9n<\/td><td class=\"column-4\"><a href=\"http:\/\/www.educateca.com\/centros\/sepcasachaydaquesada.asp\">[Ir]<\/a><\/td>\n<\/tr>\n<tr class=\"row-47 odd\">\n\t<td class=\"column-1\">CEPER \u00c1ngeles L\u00f3pez Ruiz<\/td><td class=\"column-2\">V\u00edcar<\/td><td class=\"column-3\">Almer\u00eda<\/td><td class=\"column-4\"><a href=\"http:\/\/www.educateca.com\/centros\/ceper-angeles-lopez.asp\">[Ir]<\/a><\/td>\n<\/tr>\n<tr class=\"row-48 even\">\n\t<td class=\"column-1\">IES Baelo Claudia<\/td><td class=\"column-2\">Algeciras<\/td><td class=\"column-3\">C\u00e1diz<\/td><td class=\"column-4\"><a href=\"http:\/\/www.juntadeandalucia.es\/averroes\/centros-tic\/11701085\/helvia\/sitio\/index.cgi\">[Ir]<\/a><\/td>\n<\/tr>\n<tr class=\"row-49 odd\">\n\t<td class=\"column-1\">CEIP Ruperto Fern\u00e1ndez-Tenllado<\/td><td class=\"column-2\">Rute<\/td><td class=\"column-3\">C\u00f3rdoba<\/td><td class=\"column-4\"><a href=\"http:\/\/ceipruperto.blogspot.com.es\/\">[Ir]<\/a><\/td>\n<\/tr>\n<tr class=\"row-50 even\">\n\t<td class=\"column-1\">IES Antonio de Ulloa<\/td><td class=\"column-2\">La Rinconada<\/td><td class=\"column-3\">Sevilla<\/td><td class=\"column-4\"><a href=\"http:\/\/www.juntadeandalucia.es\/averroes\/centros-tic\/41701377\/helvia\/sitio\/#\">[Ir]<\/a><\/td>\n<\/tr>\n<tr class=\"row-51 odd\">\n\t<td class=\"column-1\">CEIP Ntra Sra de los Remedios<\/td><td class=\"column-2\">Chiclana de la Frontera<\/td><td class=\"column-3\">C\u00e1diz<\/td><td class=\"column-4\"><a href=\"http:\/\/nuestrocolelosremedios.blogspot.com.es\/\">[Ir]<\/a><\/td>\n<\/tr>\n<tr class=\"row-52 even\">\n\t<td class=\"column-1\">CEIP Andaluc\u00eda<\/td><td class=\"column-2\">Posadas<\/td><td class=\"column-3\">C\u00f3rdoba<\/td><td class=\"column-4\"><a href=\"http:\/\/www.juntadeandalucia.es\/averroes\/centros-tic\/14007386\/helvia\/sitio\/\">[Ir]<\/a><\/td>\n<\/tr>\n<tr class=\"row-53 odd\">\n\t<td class=\"column-1\">IES Sierra Sur<\/td><td class=\"column-2\">Valdepe\u00f1as de Ja\u00e9n<\/td><td class=\"column-3\">Ja\u00e9n<\/td><td class=\"column-4\"><a href=\"http:\/\/iessierrasur.es\/\">[Ir]<\/a><\/td>\n<\/tr>\n<tr class=\"row-54 even\">\n\t<td class=\"column-1\">EI Barajas<\/td><td class=\"column-2\">Berja<\/td><td class=\"column-3\">Almer\u00eda<\/td><td class=\"column-4\"><a href=\"http:\/\/ecoescuelabarajas.blogspot.com.es\/\">[Ir]<\/a><\/td>\n<\/tr>\n<tr class=\"row-55 odd\">\n\t<td class=\"column-1\">IES Miraya del mar<\/td><td class=\"column-2\">Torre del Mar<\/td><td class=\"column-3\">M\u00e1laga<\/td><td class=\"column-4\"><a href=\"http:\/\/www.iesmirayadelmar.es\/\">[Ir]<\/a><\/td>\n<\/tr>\n<tr class=\"row-56 even\">\n\t<td class=\"column-1\">IES Luis Carrillo de Sotomayor<\/td><td class=\"column-2\">Baena<\/td><td class=\"column-3\">C\u00f3rdoba<\/td><td class=\"column-4\"><a href=\"http:\/\/www.iesluiscarrillodesotomayor.org\/cms\/\">[Ir]<\/a><\/td>\n<\/tr>\n<tr class=\"row-57 odd\">\n\t<td class=\"column-1\">CEIP Cervantes<\/td><td class=\"column-2\">Alhama de Granada<\/td><td class=\"column-3\">Granada<\/td><td class=\"column-4\"><a href=\"http:\/\/blogsaverroes.juntadeandalucia.es\/ceipcervantesalhama\/\">[Ir]<\/a><\/td>\n<\/tr>\n<tr class=\"row-58 even\">\n\t<td class=\"column-1\">IES Torre Almirante<\/td><td class=\"column-2\">Algeciras<\/td><td class=\"column-3\">C\u00e1diz <\/td><td class=\"column-4\"><a href=\"http:\/\/www.torrealmirante.net\/extranet\/\">[Ir]<\/a><\/td>\n<\/tr>\n<tr class=\"row-59 odd\">\n\t<td class=\"column-1\">CEIP San Ignacio<\/td><td class=\"column-2\">San Fernando<\/td><td class=\"column-3\">C\u00e1diz<\/td><td class=\"column-4\"><a href=\"http:\/\/www.ceip-sanignacio.es\/\">[Ir]<\/a><\/td>\n<\/tr>\n<tr class=\"row-60 even\">\n\t<td class=\"column-1\">CEIP Fern\u00e1n Perez de Oliva<\/td><td class=\"column-2\">C\u00f3rdoba<\/td><td class=\"column-3\">C\u00f3rdoba<\/td><td class=\"column-4\"><a href=\"http:\/\/todoeduca.com\/centros\/cordoba\/cordoba\/fernanperezdeoliva.html\">[Ir]<\/a><\/td>\n<\/tr>\n<tr class=\"row-61 odd\">\n\t<td class=\"column-1\">Colegio de la Asunci\u00f3n<\/td><td class=\"column-2\">M\u00e1laga<\/td><td class=\"column-3\">M\u00e1laga<\/td><td class=\"column-4\"><a href=\"http:\/\/www.asuncionmalaga.es\/\">[Ir]<\/a><\/td>\n<\/tr>\n<tr class=\"row-62 even\">\n\t<td class=\"column-1\">IES La Palma<\/td><td class=\"column-2\">La Palma del Condado<\/td><td class=\"column-3\">Huelva<\/td><td class=\"column-4\"><a href=\"http:\/\/ticlapalma.jimdo.com\/\">[Ir]<\/a><\/td>\n<\/tr>\n<tr class=\"row-63 odd\">\n\t<td class=\"column-1\">IES Francisco Romero Vargas<\/td><td class=\"column-2\">Jerez de la Frontera<\/td><td class=\"column-3\">C\u00e1diz<\/td><td class=\"column-4\"><a href=\"http:\/\/www.iesromerovargas.es\/\">[Ir]<\/a><\/td>\n<\/tr>\n<tr class=\"row-64 even\">\n\t<td class=\"column-1\">IES Valle del Sol<\/td><td class=\"column-2\">Alora<\/td><td class=\"column-3\">M\u00e1laga<\/td><td class=\"column-4\"><a href=\"http:\/\/www.iesvalledelsol.es\/\">[Ir]<\/a><\/td>\n<\/tr>\n<tr class=\"row-65 odd\">\n\t<td class=\"column-1\">CEIP Hermanos Machado<\/td><td class=\"column-2\">Sevilla<\/td><td class=\"column-3\">Sevilla<\/td><td class=\"column-4\"><a href=\"www.colegiohermanosmachado.tk\/\">[Ir]<\/a><\/td>\n<\/tr>\n<tr class=\"row-66 even\">\n\t<td class=\"column-1\">CEIP Sutefie<\/td><td class=\"column-2\">Zufre<\/td><td class=\"column-3\">Huelva<\/td><td class=\"column-4\"><a href=\"http:\/\/cpsutefie.blogspot.com.es\/\">[Ir]<\/a><\/td>\n<\/tr>\n<tr class=\"row-67 odd\">\n\t<td class=\"column-1\">IES Puerta del Mar<\/td><td class=\"column-2\">Estepona<\/td><td class=\"column-3\">M\u00e1laga<\/td><td class=\"column-4\"><a href=\"http:\/\/iespuertadelmar.jimdo.com\/\">[Ir]<\/a><\/td>\n<\/tr>\n<tr class=\"row-68 even\">\n\t<td class=\"column-1\">IES Pintor Jos\u00e9 Mar\u00eda Fern\u00e1ndez<\/td><td class=\"column-2\">Antequera<\/td><td class=\"column-3\">M\u00e1laga<\/td><td class=\"column-4\"><a href=\"http:\/\/www.juntadeandalucia.es\/averroes\/centros-tic\/29010857\/helvia\/sitio\/\">[Ir]<\/a><\/td>\n<\/tr>\n<tr class=\"row-69 odd\">\n\t<td class=\"column-1\">CEIP Posidonia<\/td><td class=\"column-2\">Roquetas de Mar<\/td><td class=\"column-3\">Almer\u00eda<\/td><td class=\"column-4\"><a href=\"http:\/\/www.posidoniaceip.com\/\">[Ir]<\/a><\/td>\n<\/tr>\n<tr class=\"row-70 even\">\n\t<td class=\"column-1\">IES El Argar<\/td><td class=\"column-2\">Almer\u00eda<\/td><td class=\"column-3\">Almer\u00eda<\/td><td class=\"column-4\"><a href=\"http:\/\/www.calidadargar.com\/\">[Ir]<\/a><\/td>\n<\/tr>\n<tr class=\"row-71 odd\">\n\t<td class=\"column-1\">CEIP Adolfo de Castro<\/td><td class=\"column-2\">C\u00e1diz<\/td><td class=\"column-3\">C\u00e1diz<\/td><td class=\"column-4\"><a href=\"http:\/\/ceipadolfodecastro.blogspot.com.es\/\">[Ir]<\/a><\/td>\n<\/tr>\n<tr class=\"row-72 even\">\n\t<td class=\"column-1\">CPR Adersa 1<\/td><td class=\"column-2\">Fuenteheridos<\/td><td class=\"column-3\">Huelva<\/td><td class=\"column-4\"><a href=\"http:\/\/cpradersa1.blogspot.com.es\/\">[Ir]<\/a><\/td>\n<\/tr>\n<tr class=\"row-73 odd\">\n\t<td class=\"column-1\">CEIP Francisco Soriano Serrano <\/td><td class=\"column-2\">J\u00f3dar<\/td><td class=\"column-3\">Ja\u00e9n<\/td><td class=\"column-4\"><a href=\"http:\/\/todoeduca.com\/centros\/jaen\/jodar\/franciscosorianoserrano-jodar.html\">[Ir]<\/a><\/td>\n<\/tr>\n<tr class=\"row-74 even\">\n\t<td class=\"column-1\">CEIP Doctor Fleming<\/td><td class=\"column-2\">J\u00f3dar<\/td><td class=\"column-3\">Ja\u00e9n<\/td><td class=\"column-4\"><a href=\"http:\/\/ceipdoctorfleming.blogspot.com.es\/\">[Ir]<\/a><\/td>\n<\/tr>\n<tr class=\"row-75 odd\">\n\t<td class=\"column-1\">CEIP Antonio Machado<\/td><td class=\"column-2\">Peal del Becerro<\/td><td class=\"column-3\">Ja\u00e9n<\/td><td class=\"column-4\"><a href=\"http:\/\/www.juntadeandalucia.es\/averroes\/centros-tic\/23005931\/helvia\/sitio\/\">[Ir]<\/a><\/td>\n<\/tr>\n<tr class=\"row-76 even\">\n\t<td class=\"column-1\">IES La Jarcia<\/td><td class=\"column-2\">Puerto Real<\/td><td class=\"column-3\">C\u00e1diz<\/td><td class=\"column-4\"><a href=\"http:\/\/www.lajarcia.es\/\">[Ir]<\/a><\/td>\n<\/tr>\n<tr class=\"row-77 odd\">\n\t<td class=\"column-1\">CEIP Dr Peralias Panduro<\/td><td class=\"column-2\">Corteconcepci\u00f3n<\/td><td class=\"column-3\">Huelva<\/td><td class=\"column-4\"><a href=\"http:\/\/ceipdoctorperaliaspanduro.es\/\">[Ir]<\/a><\/td>\n<\/tr>\n<tr class=\"row-78 even\">\n\t<td class=\"column-1\">IES Gaviota<\/td><td class=\"column-2\">Adra<\/td><td class=\"column-3\">Almer\u00eda<\/td><td class=\"column-4\"><a href=\"http:\/\/www.juntadeandalucia.es\/averroes\/centros-tic\/04000134\/helvia\/sitio\/\">[Ir]<\/a><\/td>\n<\/tr>\n<tr class=\"row-79 odd\">\n\t<td class=\"column-1\">CEIP Juan Valera<\/td><td class=\"column-2\">Cabra<\/td><td class=\"column-3\">C\u00f3rdoba<\/td><td class=\"column-4\"><a href=\"http:\/\/blogsaverroes.juntadeandalucia.es\/colegiojuanvalera\/\">[Ir]<\/a><\/td>\n<\/tr>\n<tr class=\"row-80 even\">\n\t<td class=\"column-1\">CEIP Ruiz del Peral<\/td><td class=\"column-2\">Guadix<\/td><td class=\"column-3\">Granada<\/td><td class=\"column-4\"><a href=\"http:\/\/www.ruizdelperal.es\/wp\/\">[Ir]<\/a><\/td>\n<\/tr>\n<tr class=\"row-81 odd\">\n\t<td class=\"column-1\">CEIP Francisco Mej\u00edas<\/td><td class=\"column-2\">Motril<\/td><td class=\"column-3\">Granada<\/td><td class=\"column-4\"><a href=\"http:\/\/acmejias.blogspot.com.es\/\">[Ir]<\/a><\/td>\n<\/tr>\n<tr class=\"row-82 even\">\n\t<td class=\"column-1\">CEIP Carmen Mart\u00edn Gaite<\/td><td class=\"column-2\">Rinc\u00f3n de la Victoria<\/td><td class=\"column-3\">M\u00e1laga<\/td><td class=\"column-4\"><a href=\"http:\/\/ceipcarmenmartingaite.blogspot.com.es\/\">[Ir]<\/a><\/td>\n<\/tr>\n<tr class=\"row-83 odd\">\n\t<td class=\"column-1\">IES Alto Almanzora<\/td><td class=\"column-2\">T\u00edjola<\/td><td class=\"column-3\">Almer\u00eda<\/td><td class=\"column-4\"><a href=\"http:\/\/www.iesaltoalmanzora.es\/\">[Ir]<\/a><\/td>\n<\/tr>\n<tr class=\"row-84 even\">\n\t<td class=\"column-1\"><\/td><td class=\"column-2\"><\/td><td class=\"column-3\"><\/td><td class=\"column-4\"><\/td>\n<\/tr>\n<\/tbody>\n<\/table>\n<!-- #tablepress-44 from cache --><\/p>\n","protected":false},"excerpt":{"rendered":"<p>CENTROS EDUCATIVOS Desde la Federaci\u00f3n Andaluza de Electrodom\u00e9sticos, FAEL, tenemos un especial inter\u00e9s en extender la campa\u00f1a \u00abLa Naturaleza no necesita que le echemos ning\u00fan cable\u00bb a los Centros de Educaci\u00f3n de Andaluc\u00eda, al objeto de dar a conocer la citada Campa\u00f1a y el sorteo de\u00a060 cheques por valor de 50 euros, con la posibilidad [&hellip;]<\/p>\n","protected":false},"author":1,"featured_media":0,"parent":0,"menu_order":0,"comment_status":"closed","ping_status":"closed","template":"","meta":[],"_links":{"self":[{"href":"https:\/\/www.fael.es\/electroimplicate\/wp-json\/wp\/v2\/pages\/12350"}],"collection":[{"href":"https:\/\/www.fael.es\/electroimplicate\/wp-json\/wp\/v2\/pages"}],"about":[{"href":"https:\/\/www.fael.es\/electroimplicate\/wp-json\/wp\/v2\/types\/page"}],"author":[{"embeddable":true,"href":"https:\/\/www.fael.es\/electroimplicate\/wp-json\/wp\/v2\/users\/1"}],"replies":[{"embeddable":true,"href":"https:\/\/www.fael.es\/electroimplicate\/wp-json\/wp\/v2\/comments?post=12350"}],"version-history":[{"count":8,"href":"https:\/\/www.fael.es\/electroimplicate\/wp-json\/wp\/v2\/pages\/12350\/revisions"}],"predecessor-version":[{"id":13196,"href":"https:\/\/www.fael.es\/electroimplicate\/wp-json\/wp\/v2\/pages\/12350\/revisions\/13196"}],"wp:attachment":[{"href":"https:\/\/www.fael.es\/electroimplicate\/wp-json\/wp\/v2\/media?parent=12350"}],"curies":[{"name":"wp","href":"https:\/\/api.w.org\/{rel}","templated":true}]}}