{"id":2300,"date":"2012-12-04T15:19:54","date_gmt":"2012-12-04T15:19:54","guid":{"rendered":"http:\/\/theme-fusion.com\/avada\/?page_id=2300"},"modified":"2019-02-28T21:32:50","modified_gmt":"2019-02-28T21:32:50","slug":"home-version-4","status":"publish","type":"page","link":"https:\/\/www.fael.es\/electroimplicate\/","title":{"rendered":"Inicio"},"content":{"rendered":"<div class=\"fusion-fullwidth fullwidth-box hundred-percent-fullwidth\" style=\"background-attachment:scroll;background-position:center top;background-repeat:no-repeat;-webkit-background-size:cover;-moz-background-size:cover;-o-background-size:cover;background-size:cover;border-color:#eae9e9;border-bottom-width: 0px;border-top-width: 0px;border-bottom-style: solid;border-top-style: solid;padding-bottom:5px;padding-left:0px;padding-right:0px;padding-top:5px;\"><div class=\"avada-row\"><div class=\"aligncenter\"><div class=\"fusion-social-links\"><div class=\"fusion-social-networks\"><a class=\"fusion-social-network-icon fusion-tooltip fusion-facebook fusionicon-facebook\" target=\"_blank\" href=\"https:\/\/www.facebook.com\/pages\/FAEL\/809066125832277?fref=ts\" style=\"color:#bebdbd;\" data-placement=\"top\" data-title=\"Facebook\" data-toggle=\"tooltip\" title=\"Facebook\"><\/a><a class=\"fusion-social-network-icon fusion-tooltip fusion-twitter fusionicon-twitter\" target=\"_blank\" href=\"https:\/\/twitter.com\/FAELinforma?lang=es\" style=\"color:#bebdbd;\" data-placement=\"top\" data-title=\"Twitter\" data-toggle=\"tooltip\" title=\"Twitter\"><\/a><a class=\"fusion-social-network-icon fusion-tooltip fusion-youtube fusionicon-youtube\" target=\"_blank\" href=\"https:\/\/www.youtube.com\/channel\/UCprk2J8D0pQAYdJ83M2-wRQ\" style=\"color:#bebdbd;\" data-placement=\"top\" data-title=\"Youtube\" data-toggle=\"tooltip\" title=\"Youtube\"><\/a><a class=\"fusion-social-network-icon fusion-tooltip fusion-googleplus fusionicon-googleplus\" target=\"_blank\" href=\"https:\/\/plus.google.com\/u\/0\/112936816284144932689\/posts\" style=\"color:#bebdbd;\" data-placement=\"top\" data-title=\"Google+\" data-toggle=\"tooltip\" title=\"Google+\"><\/a><a class=\"fusion-social-network-icon fusion-tooltip fusion-linkedin fusionicon-linkedin\" target=\"_blank\" href=\"https:\/\/www.linkedin.com\/company\/fael-federaci%C3%B3n-andaluza-de-electrodom%C3%A9sticos-?trk=biz-companies-cym\" style=\"color:#bebdbd;\" data-placement=\"top\" data-title=\"Linkedin\" data-toggle=\"tooltip\" title=\"Linkedin\"><\/a><\/div><\/div><\/div><\/div><\/div><div class=\"fusion-title title\"><h2 class=\"title-heading-left\">\u00daltimas publicaciones<\/h2><div class=\"title-sep-container\"><div class=\"title-sep sep-single\"><\/div><\/div><\/div><div class=\"fusion-blog-shortcode fusion-blog-shortcode-1 fusion-blog-grid fusion-blog-pagination\"><style type=\"text\/css\">.fusion-blog-shortcode-1 .grid-layout .post{padding:20px;}<\/style><div class=\"fusion-posts-container posts-container-pagination grid-layout grid-layout-4 isotope\" data-grid-col-space=\"40\" style=\"margin: 0 -20px;\"><div class=\"fusion-clearfix\"><\/div><\/div><\/div><div class=\"fusion-fullwidth fullwidth-box\" style=\"background-attachment:scroll;background-position:left top;background-repeat:no-repeat;-webkit-background-size:cover;-moz-background-size:cover;-o-background-size:cover;background-size:cover;border-color:#eae9e9;border-bottom-width: 0px;border-top-width: 0px;border-bottom-style: solid;border-top-style: solid;padding-bottom:20px;padding-left:0px;padding-right:0px;padding-top:20px;\"><div class=\"avada-row\"><div class=\"fusion-title title\"><h2 class=\"title-heading-left\">La campa\u00f1a<\/h2><div class=\"title-sep-container\"><div class=\"title-sep sep-single\"><\/div><\/div><\/div><\/div><\/div><div class=\"fusion-one-half one_half fusion-layout-column fusion-column spacing-yes\"><div class=\"fusion-column-wrapper\"><div class=\"fusion-slider-sc flexslider\" style=\"max-width:100%;height:100%;\"><ul class=\"slides\"><li class=\"image\"><img src=\"https:\/\/www.fael.es\/electroimplicate\/wp-content\/uploads\/2012\/12\/1.jpg\" \/><\/li><li class=\"image\"><img src=\"https:\/\/www.fael.es\/electroimplicate\/wp-content\/uploads\/2012\/12\/2.jpg\" \/><\/li><\/ul><\/div><\/div><\/div><div class=\"fusion-one-half one_half fusion-layout-column fusion-column last spacing-yes\"><div class=\"fusion-column-wrapper\"><div class=\"accordian fusion-accordian\"><div class=\"panel-group\" id=\"accordion-1\"><div class=\"fusion-panel panel-default\"><div class=\"panel-heading\"><h4 class=\"panel-title toggle\"><a class=\"active\" data-toggle=\"collapse\" data-parent=\"#accordion-1\" data-target=\"#8e74e7178ec1f94c8\" href=\"#8e74e7178ec1f94c8\"><i class=\"fa-fusion-box\"><\/i>Descripci\u00f3n de la campa\u00f1a<\/a><\/h4><\/div><div id=\"8e74e7178ec1f94c8\" class=\"panel-collapse collapse in\"><div class=\"panel-body toggle-content\">Esta campa\u00f1a de comunicaci\u00f3n se pone en macha en virtud del Convenio de Colaboraci\u00f3n suscrito entre la Federaci\u00f3n Andaluza de Electrodom\u00e9sticos (FAEL\/AAEL) con los Sistemas Colectivos de Responsabilidad Ampliada ECOLEC, ECOTIC, European Recycling Platform-ERP, RECYCLIA y la planta de tratamiento de residuos RECILEC para la correcta gesti\u00f3n de los RAEE.<\/p>\n<p>Con el desarrollo de la misma se persigue impulsar la sensibilizaci\u00f3n y difusi\u00f3n del respeto por el medio ambiente, tanto entre los ciudadanos como en el peque\u00f1o comercio fomentado el reciclaje de Residuos de Aparatos El\u00e9ctricos y Electr\u00f3nicos (RAEE) con dimensiones reducidas.<\/div><\/div><\/div><div class=\"fusion-panel panel-default\"><div class=\"panel-heading\"><h4 class=\"panel-title toggle\"><a data-toggle=\"collapse\" data-parent=\"#accordion-1\" data-target=\"#8d796abdf942e9d1e\" href=\"#8d796abdf942e9d1e\"><i class=\"fa-fusion-box\"><\/i>Objetivos<\/a><\/h4><\/div><div id=\"8d796abdf942e9d1e\" class=\"panel-collapse collapse \"><div class=\"panel-body toggle-content\">La campa\u00f1a tiene como principal objetivo aumentar la cuota de recogida de RAEE en Andaluc\u00eda con el fin de alcanzar los m\u00ednimos exigidos por la normativa vigente. Asimismo, se basa en los siguientes objetivos espec\u00edficos:<\/p>\n<ul>\n<li>Concienciaci\u00f3n ciudadana del da\u00f1o generado en el medio ambiente por la mala gesti\u00f3n de RAEE al final de su vida \u00fatil.<\/li>\n<li>La informaci\u00f3n y sensibilizaci\u00f3n a los comercios andaluces<\/li>\n<li>Difusi\u00f3n del Plan Nacional de Residuos.<\/li>\n<li>Implantaci\u00f3n de buenas pr\u00e1cticas medio ambientales.<\/li>\n<\/ul>\n<\/div><\/div><\/div><div class=\"fusion-panel panel-default\"><div class=\"panel-heading\"><h4 class=\"panel-title toggle\"><a data-toggle=\"collapse\" data-parent=\"#accordion-1\" data-target=\"#291bbe60d087874cf\" href=\"#291bbe60d087874cf\"><i class=\"fa-fusion-box\"><\/i>A qui\u00e9n va dirigida<\/a><\/h4><\/div><div id=\"291bbe60d087874cf\" class=\"panel-collapse collapse \"><div class=\"panel-body toggle-content\">En el marco de este proyecto se pretende acceder: a los ciudadanos que acuden al peque\u00f1o comercio de electrodom\u00e9sticos para realizar compras y que pueden dejar all\u00ed sus RAEE para que sean recogidos de acuerdo con la normativa en vigor, y a los profesionales minoristas del sector que pueden ejercer un papel clave en la retirada de RAEE.<\/div><\/div><\/div><div class=\"fusion-panel panel-default\"><div class=\"panel-heading\"><h4 class=\"panel-title toggle\"><a data-toggle=\"collapse\" data-parent=\"#accordion-1\" data-target=\"#2152a4046863f23f7\" href=\"#2152a4046863f23f7\"><i class=\"fa-fusion-box\"><\/i>Principales actuaciones<\/a><\/h4><\/div><div id=\"2152a4046863f23f7\" class=\"panel-collapse collapse \"><div class=\"panel-body toggle-content\">\n<ul>\n<li>Entrega de contenedores de recogida selectiva de PAE (Peque\u00f1o Aparato Electr\u00f3nico) a 800 establecimientos comerciales de electrodom\u00e9sticos distribuidos por todo el territorio andaluz.<\/li>\n<li>Campa\u00f1a de sensibilizaci\u00f3n e informaci\u00f3n mediante la instalaci\u00f3n de stands en 180 \u00e1reas comerciales en los municipios andaluces.<\/li>\n<li>Distribuci\u00f3n de folletos informativos y bolsas para el reciclaje de los ciudadanos.<\/li>\n<li>Presentaciones regionales y provinciales de la campa\u00f1a.<\/li>\n<li>Desarrollo de una app.<\/li>\n<li>Creaci\u00f3n de \u201clabel\u201d para la acreditaci\u00f3n de la correcta gesti\u00f3n de RAEE en empresas.<\/li>\n<li>Difusi\u00f3n en medios de comunicaci\u00f3n.<\/li>\n<li>Evento singular del cierre de la campa\u00f1a.<\/li>\n<\/ul>\n<\/div><\/div><\/div><div class=\"fusion-panel panel-default\"><div class=\"panel-heading\"><h4 class=\"panel-title toggle\"><a data-toggle=\"collapse\" data-parent=\"#accordion-1\" data-target=\"#ba7b708a4c85f9e91\" href=\"#ba7b708a4c85f9e91\"><i class=\"fa-fusion-box\"><\/i>C\u00f3mo participar<\/a><\/h4><\/div><div id=\"ba7b708a4c85f9e91\" class=\"panel-collapse collapse \"><div class=\"panel-body toggle-content\">Aquellas tiendas de electrodom\u00e9sticos que deseen participar en la campa\u00f1a pueden ponerse en contacto con el Departamento T\u00e9cnico de FAEL para solicitar informaci\u00f3n en el siguiente n\u00famero de tel\u00e9fono o correo electr\u00f3nico:<\/p>\n<ul>\n<li>954313186<\/li>\n<li><a href=\"mailto:aael@aael.es\">aael@aael.es<\/a><\/li>\n<\/ul>\n<\/div><\/div><\/div><\/div><\/div><\/div><\/div><div class=\"fusion-clearfix\"><\/div><div class=\"fusion-fullwidth fullwidth-box\" style=\"background-attachment:scroll;background-position:left top;background-repeat:no-repeat;-webkit-background-size:cover;-moz-background-size:cover;-o-background-size:cover;background-size:cover;border-color:#eae9e9;border-bottom-width: 0px;border-top-width: 0px;border-bottom-style: solid;border-top-style: solid;padding-bottom:20px;padding-left:0px;padding-right:0px;padding-top:20px;\"><div class=\"avada-row\"><div class=\"fusion-one-half one_half fusion-layout-column fusion-column spacing-yes\"><div class=\"fusion-column-wrapper\"><div class=\"imageframe-align-center\"><span class=\"fusion-imageframe imageframe imageframe-none imageframe-1\"><a href=\"https:\/\/www.fael.es\/electroimplicate\/centros-educativos\/\" target=\"_self\"> <img decoding=\"async\" src=\"https:\/\/www.fael.es\/electroimplicate\/wp-content\/uploads\/2012\/12\/bannerinf1.jpg\" alt=\"\" class=\"img-responsive\" \/><\/a><\/span><\/div><\/div><\/div><div class=\"fusion-one-half one_half fusion-layout-column fusion-column last spacing-yes\"><div class=\"fusion-column-wrapper\"><span class=\"fusion-imageframe imageframe imageframe-none imageframe-2\"><a href=\"https:\/\/www.fael.es\/electroimplicate\/descargar-app\/\" target=\"_self\"> <img decoding=\"async\" src=\"https:\/\/www.fael.es\/electroimplicate\/wp-content\/uploads\/2012\/12\/bannermovil.jpg\" alt=\"\" class=\"img-responsive\" \/><\/a><\/span><\/div><\/div><div class=\"fusion-clearfix\"><\/div><\/div><\/div><div class=\"fusion-sep-clear\"><\/div><div class=\"fusion-separator fusion-full-width-sep sep-none\" style=\"border-color:#e0dede;margin-top:px;\"><\/div>\n","protected":false},"excerpt":{"rendered":"","protected":false},"author":1,"featured_media":0,"parent":0,"menu_order":0,"comment_status":"open","ping_status":"closed","template":"","meta":[],"_links":{"self":[{"href":"https:\/\/www.fael.es\/electroimplicate\/wp-json\/wp\/v2\/pages\/2300"}],"collection":[{"href":"https:\/\/www.fael.es\/electroimplicate\/wp-json\/wp\/v2\/pages"}],"about":[{"href":"https:\/\/www.fael.es\/electroimplicate\/wp-json\/wp\/v2\/types\/page"}],"author":[{"embeddable":true,"href":"https:\/\/www.fael.es\/electroimplicate\/wp-json\/wp\/v2\/users\/1"}],"replies":[{"embeddable":true,"href":"https:\/\/www.fael.es\/electroimplicate\/wp-json\/wp\/v2\/comments?post=2300"}],"version-history":[{"count":44,"href":"https:\/\/www.fael.es\/electroimplicate\/wp-json\/wp\/v2\/pages\/2300\/revisions"}],"predecessor-version":[{"id":13774,"href":"https:\/\/www.fael.es\/electroimplicate\/wp-json\/wp\/v2\/pages\/2300\/revisions\/13774"}],"wp:attachment":[{"href":"https:\/\/www.fael.es\/electroimplicate\/wp-json\/wp\/v2\/media?parent=2300"}],"curies":[{"name":"wp","href":"https:\/\/api.w.org\/{rel}","templated":true}]}}